{"id":18,"date":"2016-08-19T06:48:33","date_gmt":"2016-08-19T04:48:33","guid":{"rendered":"http:\/\/www.markusfelder.at\/sinn-los\/?page_id=18"},"modified":"2019-03-04T17:47:59","modified_gmt":"2019-03-04T16:47:59","slug":"18-2","status":"publish","type":"page","link":"https:\/\/www.markusfelder.at\/sinn-los\/18-2\/","title":{"rendered":"4. Impressum"},"content":{"rendered":"<p><img loading=\"lazy\" decoding=\"async\" class=\"alignnone  wp-image-216\" src=\"http:\/\/www.markusfelder.at\/sinn-los\/wp-content\/uploads\/2019\/03\/ich-2019-klein-269x300.jpg\" alt=\"Bild: Markus Felder\" width=\"163\" height=\"181\" srcset=\"https:\/\/www.markusfelder.at\/sinn-los\/wp-content\/uploads\/2019\/03\/ich-2019-klein-269x300.jpg 269w, https:\/\/www.markusfelder.at\/sinn-los\/wp-content\/uploads\/2019\/03\/ich-2019-klein.jpg 500w\" sizes=\"auto, (max-width: 163px) 100vw, 163px\" \/><br \/>Dr. Markus Felder<br \/>Gstill 10<br \/>6082 Patsch<br \/>Tel: 0699 \u2013 188 55 415<br \/>Email:\u00a0<a href=\"mailto: kontakt@markusfelder.at\">kontakt@markusfelder.at<\/a><br \/>Webseite:\u00a0<a href=\"http:\/\/www.markusfelder.at\/\">www.markusfelder.at<\/a><\/p>\n<p><img loading=\"lazy\" decoding=\"async\" class=\"alignleft size-thumbnail wp-image-29\" src=\"http:\/\/www.markusfelder.at\/sinn-los\/wp-content\/uploads\/2016\/08\/IMG_2142-150x150.jpg\" alt=\"IMG_2142\" width=\"150\" height=\"150\" \/><img loading=\"lazy\" decoding=\"async\" class=\"alignnone  wp-image-28\" src=\"http:\/\/www.markusfelder.at\/sinn-los\/wp-content\/uploads\/2016\/08\/IMG_2141-300x230.jpg\" alt=\"\" width=\"198\" height=\"152\" srcset=\"https:\/\/www.markusfelder.at\/sinn-los\/wp-content\/uploads\/2016\/08\/IMG_2141-300x230.jpg 300w, https:\/\/www.markusfelder.at\/sinn-los\/wp-content\/uploads\/2016\/08\/IMG_2141-768x590.jpg 768w, https:\/\/www.markusfelder.at\/sinn-los\/wp-content\/uploads\/2016\/08\/IMG_2141-1024x786.jpg 1024w, https:\/\/www.markusfelder.at\/sinn-los\/wp-content\/uploads\/2016\/08\/IMG_2141.jpg 2048w\" sizes=\"auto, (max-width: 198px) 100vw, 198px\" \/><\/p>\n<p>Im Freirad Studio!<\/p>\n<p><img loading=\"lazy\" decoding=\"async\" class=\"alignnone  wp-image-110\" src=\"http:\/\/www.markusfelder.at\/sinn-los\/wp-content\/uploads\/2016\/08\/Walterpark-300x225.jpg\" alt=\"\" width=\"200\" height=\"150\" srcset=\"https:\/\/www.markusfelder.at\/sinn-los\/wp-content\/uploads\/2016\/08\/Walterpark-300x225.jpg 300w, https:\/\/www.markusfelder.at\/sinn-los\/wp-content\/uploads\/2016\/08\/Walterpark-600x450.jpg 600w, https:\/\/www.markusfelder.at\/sinn-los\/wp-content\/uploads\/2016\/08\/Walterpark.jpg 640w\" sizes=\"auto, (max-width: 200px) 100vw, 200px\" \/><\/p>\n<p>Live im Walterpark<\/p>\n\n\n<h3 class=\"wp-block-heading\">Information gem\u00e4\u00df \u00a7 5 E-Commerce-Gesetz und Offenlegung gem\u00e4\u00df \u00a7 25 Mediengesetz:<\/h3>\n\n\n\n<p><strong>Diensteanbieter und Medieninhaber:<\/strong><\/p>\n\n\n\n<p>Dr. Markus Felder<br>Gstill 10<br>6082 Patsch<br>Praxisraum: 6020 Innsbruck, Mozartstra\u00dfe 6<br>Tel: 0699 \u2013 188 55 415<br>Email: kontakt@markusfelder.at<\/p>\n\n\n\n<p><strong>Unternehmensgegenstand:<\/strong><\/p>\n\n\n\n<p>Psychotherapien, Klinisch- und Gesundheitspsychologische Beratungen und Behandlungen, Supervisionen und Coachings, Arbeitspsychologische Dienstleistungen, Seminare. Im Zuge von Beratung\/Information wird die vorliegende Radiosendungsreihe angeboten.<br>Diese Dienstleistungen werden eigenverantwortlich durchgef\u00fchrt.<\/p>\n\n\n\n<p>Rechtliche Grundlagen der T\u00e4tigkeiten: Psychologengesetz 2013, Psychotherapiegesetz 1990, ArbeitnehmerInnenschutzgesetz (ASchG)<\/p>\n\n\n\n<p>F\u00fcr den Inhalt dieser Homepage ist Dr. Markus Felder verantwortlich.<\/p>\n\n\n\n<p>Fotos: Dr. Markus Felder<br>Webdesign: Vorlagen der Firma World4you Internet Services GmbH<\/p>\n\n\n\n<p>Sendungreihe &#8222;Der existierende Mensch&#8220; wird im Rahmen der ehrenamtlichen T\u00e4tigkeit beim beim Verein Freirad angeboten.<\/p>\n\n\n\n<p>FREIRAD bietet allen Menschen und Personengruppen innerhalb der gesetzlichen Rahmenbedingungen die M\u00f6glichkeit zur freien Meinungs\u00e4u\u00dferung und Informationsvermittlung und den Offenen Zugang zum Medium Radio; FREIRAD stellt als gemeinn\u00fctziges Freies Radio unentgeltlich die technische und organisatorische Infrastruktur zur Ausstrahlung von Radiosendungen zur Verf\u00fcgung. Dar\u00fcberhinaus bietet FREIRAD Trainings-, Produktions- und Verteilungsm\u00f6glichkeiten an. FREIRAD unterst\u00fctzt im Rahmen seiner M\u00f6glichkeiten Radiomacher_innen bei technischen, organisatorischen, inhaltlichen sowie allen rechtlichen Fragen. FREIRAD bewirbt nach M\u00f6glichkeit die Sendereihe.<\/p>\n\n\n\n<p>Radiomacher_innen machen das Programm von FREIRAD. Die Gemeinschaft aller Radiomacher_innen f\u00f6rdert mit ihrem ehrenamtlichen Engagement lokale und (\u00fcber-)regionale Musik-, Kunst- und Kulturproduktion, gesellschaftspolitische Initiativen und gesellschaftlich oder medial marginalisierte Communities. Sie laden ihre H\u00f6rer_innen zur aktiven Beteiligung ein, spiegeln die gesellschaftliche, kulturelle und sprachliche Vielfalt ihrer Ausstrahlungsgebiete wider und f\u00f6rdern den interkulturellen Dialog.<\/p>\n\n\n\n<h2 class=\"wp-block-heading\">Haftungsausschluss:<\/h2>\n\n\n\n<p>Ausschluss der Haftung f\u00fcr Links auf unserer Homepage:<br>Mit Urteil vom 12. Mai 1998 hat das Landgericht Hamburg entschieden, dass man durch die Ausbringung eines Links, die Inhalte der gelinkten Seite ggf. mit zu verantworten hat. Dies kann \u2013 so das LG \u2013 nur dadurch verhindert werden, dass man sich ausdr\u00fccklich von diesen Inhalten distanziert. Wir haben hier Links zu anderen Seiten im Internet gelegt. F\u00fcr alle diese Links gilt: Wir m\u00f6chten ausdr\u00fccklich betonen, dass wir keinerlei Einfluss auf die Gestaltung und die Inhalte der gelinkten Seiten habe. Deshalb distanzieren wir uns hiermit ausdr\u00fccklich von allen Inhalten aller gelinkten Seiten auf unserer Homepage. Diese Erkl\u00e4rung gilt f\u00fcr alle auf unserer Homepage ausgebrachten Links und f\u00fcr alle Inhalte der Seiten, zu denen die Banner f\u00fchren.<\/p>\n","protected":false},"excerpt":{"rendered":"<p>Dr. Markus FelderGstill 106082 PatschTel: 0699 \u2013 188 55 415Email:\u00a0kontakt@markusfelder.atWebseite:\u00a0www.markusfelder.at Im Freirad Studio! Live im Walterpark Information gem\u00e4\u00df \u00a7 5 E-Commerce-Gesetz und Offenlegung gem\u00e4\u00df \u00a7 25 Mediengesetz: Diensteanbieter und Medieninhaber: Dr. Markus FelderGstill 106082 PatschPraxisraum: 6020 Innsbruck, Mozartstra\u00dfe 6Tel: 0699 &hellip; <a href=\"https:\/\/www.markusfelder.at\/sinn-los\/18-2\/\">Weiterlesen <span class=\"meta-nav\">&rarr;<\/span><\/a><\/p>\n","protected":false},"author":1,"featured_media":0,"parent":0,"menu_order":0,"comment_status":"closed","ping_status":"closed","template":"","meta":{"footnotes":""},"class_list":["post-18","page","type-page","status-publish","hentry"],"aioseo_notices":[],"amp_enabled":true,"_links":{"self":[{"href":"https:\/\/www.markusfelder.at\/sinn-los\/wp-json\/wp\/v2\/pages\/18","targetHints":{"allow":["GET"]}}],"collection":[{"href":"https:\/\/www.markusfelder.at\/sinn-los\/wp-json\/wp\/v2\/pages"}],"about":[{"href":"https:\/\/www.markusfelder.at\/sinn-los\/wp-json\/wp\/v2\/types\/page"}],"author":[{"embeddable":true,"href":"https:\/\/www.markusfelder.at\/sinn-los\/wp-json\/wp\/v2\/users\/1"}],"replies":[{"embeddable":true,"href":"https:\/\/www.markusfelder.at\/sinn-los\/wp-json\/wp\/v2\/comments?post=18"}],"version-history":[{"count":11,"href":"https:\/\/www.markusfelder.at\/sinn-los\/wp-json\/wp\/v2\/pages\/18\/revisions"}],"predecessor-version":[{"id":217,"href":"https:\/\/www.markusfelder.at\/sinn-los\/wp-json\/wp\/v2\/pages\/18\/revisions\/217"}],"wp:attachment":[{"href":"https:\/\/www.markusfelder.at\/sinn-los\/wp-json\/wp\/v2\/media?parent=18"}],"curies":[{"name":"wp","href":"https:\/\/api.w.org\/{rel}","templated":true}]}}