{"id":39,"date":"2016-08-24T14:57:08","date_gmt":"2016-08-24T12:57:08","guid":{"rendered":"http:\/\/www.markusfelder.at\/sinn-los\/?page_id=39"},"modified":"2020-07-17T23:39:09","modified_gmt":"2020-07-17T21:39:09","slug":"startseite","status":"publish","type":"page","link":"https:\/\/www.markusfelder.at\/sinn-los\/","title":{"rendered":"Willkommen"},"content":{"rendered":"<p><strong><em>Monatliche Radiosendung auf Freirad 105.9 MHz im Stadtgebiet Innsbruck, im Kabelnetz sowie als LiveStream auf \u00a0<a title=\"www.freirad.at\" href=\"http:\/\/www.freirad.at\/\" target=\"_blank\" rel=\"noopener noreferrer\">www.freirad.at<\/a><\/em><\/strong><\/p>\n<p>LIVE-Studio-Telefon:\u00a0<strong>0512 \u2013 56 02 91 11<br \/>\n<\/strong>Rufen Sie direkt w\u00e4hrend einer Live-Sendung im Studio an.<\/p>\n<p><em><strong>Wollen Sie zu mir in die Sendung kommen<\/strong><\/em>\u00a0oder etwas f\u00fcr die Rubrik:\u00a0<em><strong>Sinn-Gedanken<\/strong>\u00a0<\/em>hinterlassen:\u00a0<strong>kontakt@markusfelder.at<\/strong>\u00a0oder\u00a0<strong>Tel: 0699 \u2013 188 55 415<\/strong><\/p>\n<p>Ein einfaches Online-Tool mit dem ein Wortbeitrag aufgenommen werden und dann versendet werden kann: <a href=\"https:\/\/vocaroo.com\/\">www.vocaroo.com<\/a><\/p>\n<p>Durch die Sendung f\u00fchrt Markus Felder (Psychologe und Existenzanalytiker) \u2013 N\u00e4heres unter:\u00a0<a href=\"http:\/\/www.markusfelder.at\/\">www.markusfelder.at<\/a><\/p>\n<p>Ausstrahlungstermine:\u00a0Monatliche Radiosendung.<br \/>\n<strong>Jeden ersten Donnerstag im Monat von 20 \u2013 21 Uhr<\/strong>.<br \/>\nWiederholt wird die Sendung jeden\u00a0<strong>zweiten\u00a0Montag von 10 \u2013 11 Uhr.<\/strong><\/p>\n<p><strong>\u2014\u2014\u2014\u2014\u2014\u2014\u2014\u2014\u2014\u2014\u2014\u2014\u2014\u2014\u2014\u2014\u2014\u2014-<\/strong><\/p>\n<h1><b>Mehr Infos zur Sendereihe<\/b><b><br \/>\nFACEBOOK<br \/>\n<\/b><\/h1>\n<p><a href=\"https:\/\/www.facebook.com\/sinnnlos\"><img loading=\"lazy\" decoding=\"async\" class=\"alignnone wp-image-123\" src=\"http:\/\/www.markusfelder.at\/sinn-los\/wp-content\/uploads\/2016\/08\/facebook-ios-icon.jpg\" alt=\"\" width=\"78\" height=\"76\" \/>https:\/\/www.facebook.com\/sinnnlos<\/a><\/p>\n<p><strong> \u2014\u2014\u2014\u2014\u2014\u2014\u2014\u2014\u2014\u2014\u2014\u2014\u2014\u2014\u2014\u2014\u2014\u2014-<\/strong><\/p>\n<p><strong>Konzeption\/Inhalt:<\/strong><\/p>\n<p>Die Konzeption bzw. die Grundthematik rund um diese Radiosendung geht zur\u00fcck auf das Modell von Viktor Frankl, sowie in der Weiterentwicklung auf Alfried L\u00e4ngle. Frankl ist der Begr\u00fcnder der Psychotherapierichtung: Logotherapie und Existenzanalyse. Zentral ist unter anderem die Suche des Menschen nach dem eigenen pers\u00f6nlichen Sinn im Leben. Sinn wird hierbei in der Verwirklichung von Werten gefunden. Sinn kann nicht aktiv gemacht werden, jedoch k\u00f6nnen Bedingungen geschaffen werden, die es den Menschen erleichtern ihren eigenen Sinn zu finden und zu ersp\u00fcren. In Abgrenzung zur Theologie geht es hierbei nicht um den generellen Sinn des Lebens, sondern um den eigenen individuellen pers\u00f6nlichen Sinn.<\/p>\n<p>In dieser Radiosendung m\u00f6chte ich den Zuh\u00f6rerinnen und Zuh\u00f6rern dieses Konzept n\u00e4her bringen. Ankn\u00fcpfungspunkte sollen hierbei Alltagspraktisches und Alltagserleben, sowie die Einbeziehung der Theorie und Praxis der Existenzanalyse und Logotherapie sein. Auch habe ich vor, verschiedene Personen in die Radiosendung einzuladen und mit ihnen \u00fcber ihren pers\u00f6nlichen Zugang zu ihrem individuellen Sinn zu diskutieren.<\/p>\n<p>Menschen, die ich in die Sendung einlade, sollen aus unterschiedlichen Lebensbereichen kommen, den verschiedensten Berufen nachgehen oder die unterschiedlichsten Hobbies haben. Es geht nicht um richtig oder falsch \u2013 es geht um individuelle Zug\u00e4nge, Ideen, Beispiele sowie Lebensweisen.<\/p>\n<p>Auch sind Fachpersonen aus den verschiedensten Disziplinen herzlichst eingeladen, sich mit mir in der Sendung \u00fcber ihre Zug\u00e4nge zum Thema Sinn und Existenz auszutauschen.<\/p>\n<p><strong>Frankl spricht von 3 Prachtstra\u00dfen zum Sinn:<\/strong><\/p>\n<p>1.) Erlebniswerte: Wo\/Wann\/In welchen Bereichen erlebe ich das Leben?<br \/>\n2.) Sch\u00f6pferische Werte: Hier geht es darum etwas Neues ins Leben zu bringen. Dies kann z.B. ein Kunstwerk, Buch, Radiosendung, Garten,\u2026 sein.<br \/>\n3.) Einstellungswerte: Wenn 1. (Erlebniswerte) und 2. (sch\u00f6pferische Werte) nicht mehr m\u00f6glich sind z.B. durch eine Krankheit, dann kann der Mensch trotzdem Sinn in seiner Einstellung zum Leben finden.<\/p>\n<p>Bez\u00fcglich der Musik, die in der Sendung gespielt wird, lade ich meine Studiog\u00e4ste ein, f\u00fcr sie wichtige und wertvolle Musik mitzubringen.<\/p>\n<p><strong>Haben Sie Anregungen, Ideen, Meinungen zur Sendung, oder m\u00f6chten Sie gerne als Gast zu mir in die Sendung kommen, dann bitte schreiben Sie mir ein Email unter:\u00a0<\/strong><a href=\"mailto:%20kontakt@markusfelder.at\"><strong>kontakt@markusfelder.at.<\/strong><\/a><\/p>\n","protected":false},"excerpt":{"rendered":"<p>Monatliche Radiosendung auf Freirad 105.9 MHz im Stadtgebiet Innsbruck, im Kabelnetz sowie als LiveStream auf \u00a0www.freirad.at LIVE-Studio-Telefon:\u00a00512 \u2013 56 02 91 11 Rufen Sie direkt w\u00e4hrend einer Live-Sendung im Studio an. Wollen Sie zu mir in die Sendung kommen\u00a0oder etwas &hellip; <a href=\"https:\/\/www.markusfelder.at\/sinn-los\/\">Weiterlesen <span class=\"meta-nav\">&rarr;<\/span><\/a><\/p>\n","protected":false},"author":1,"featured_media":0,"parent":0,"menu_order":0,"comment_status":"closed","ping_status":"closed","template":"","meta":{"footnotes":""},"class_list":["post-39","page","type-page","status-publish","hentry"],"aioseo_notices":[],"amp_enabled":false,"_links":{"self":[{"href":"https:\/\/www.markusfelder.at\/sinn-los\/wp-json\/wp\/v2\/pages\/39","targetHints":{"allow":["GET"]}}],"collection":[{"href":"https:\/\/www.markusfelder.at\/sinn-los\/wp-json\/wp\/v2\/pages"}],"about":[{"href":"https:\/\/www.markusfelder.at\/sinn-los\/wp-json\/wp\/v2\/types\/page"}],"author":[{"embeddable":true,"href":"https:\/\/www.markusfelder.at\/sinn-los\/wp-json\/wp\/v2\/users\/1"}],"replies":[{"embeddable":true,"href":"https:\/\/www.markusfelder.at\/sinn-los\/wp-json\/wp\/v2\/comments?post=39"}],"version-history":[{"count":7,"href":"https:\/\/www.markusfelder.at\/sinn-los\/wp-json\/wp\/v2\/pages\/39\/revisions"}],"predecessor-version":[{"id":306,"href":"https:\/\/www.markusfelder.at\/sinn-los\/wp-json\/wp\/v2\/pages\/39\/revisions\/306"}],"wp:attachment":[{"href":"https:\/\/www.markusfelder.at\/sinn-los\/wp-json\/wp\/v2\/media?parent=39"}],"curies":[{"name":"wp","href":"https:\/\/api.w.org\/{rel}","templated":true}]}}